{"id":42,"date":"2025-10-05T16:46:36","date_gmt":"2025-10-05T14:46:36","guid":{"rendered":"https:\/\/new3.zatkovic.cz\/?page_id=42"},"modified":"2025-10-05T16:52:29","modified_gmt":"2025-10-05T14:52:29","slug":"leady","status":"publish","type":"page","link":"https:\/\/new3.zatkovic.cz\/?page_id=42","title":{"rendered":"V\u00edce popt\u00e1vek"},"content":{"rendered":"\n<p>Pot\u0159ebiujete v\u00edce popt\u00e1vek, chcete je kupovat na v\u00fdkon? Um\u00edm pomoci \u2013 m\u00e1m portf\u00f3lio web\u016f kter\u00e9 sb\u00edraj\u00ed popt\u00e1vky nap\u0159\u00ed\u010d r\u016fzn\u00fdmi segmenty a kter\u00e9 v\u00e1m mohou zajistit t\u00e9m\u011b\u0159 okam\u017eit\u00fd v\u00fdkon. <\/p>\n","protected":false},"excerpt":{"rendered":"<p>Pot\u0159ebiujete v\u00edce popt\u00e1vek, chcete je kupovat na v\u00fdkon? Um\u00edm pomoci \u2013 m\u00e1m portf\u00f3lio web\u016f kter\u00e9 sb\u00edraj\u00ed popt\u00e1vky nap\u0159\u00ed\u010d r\u016fzn\u00fdmi segmenty a kter\u00e9 v\u00e1m mohou zajistit t\u00e9m\u011b\u0159 okam\u017eit\u00fd v\u00fdkon.<\/p>\n","protected":false},"author":1,"featured_media":0,"parent":54,"menu_order":0,"comment_status":"closed","ping_status":"closed","template":"nosidebar.php","meta":{"footnotes":""},"class_list":["post-42","page","type-page","status-publish","hentry"],"_links":{"self":[{"href":"https:\/\/new3.zatkovic.cz\/index.php?rest_route=\/wp\/v2\/pages\/42","targetHints":{"allow":["GET"]}}],"collection":[{"href":"https:\/\/new3.zatkovic.cz\/index.php?rest_route=\/wp\/v2\/pages"}],"about":[{"href":"https:\/\/new3.zatkovic.cz\/index.php?rest_route=\/wp\/v2\/types\/page"}],"author":[{"embeddable":true,"href":"https:\/\/new3.zatkovic.cz\/index.php?rest_route=\/wp\/v2\/users\/1"}],"replies":[{"embeddable":true,"href":"https:\/\/new3.zatkovic.cz\/index.php?rest_route=%2Fwp%2Fv2%2Fcomments&post=42"}],"version-history":[{"count":3,"href":"https:\/\/new3.zatkovic.cz\/index.php?rest_route=\/wp\/v2\/pages\/42\/revisions"}],"predecessor-version":[{"id":67,"href":"https:\/\/new3.zatkovic.cz\/index.php?rest_route=\/wp\/v2\/pages\/42\/revisions\/67"}],"up":[{"embeddable":true,"href":"https:\/\/new3.zatkovic.cz\/index.php?rest_route=\/wp\/v2\/pages\/54"}],"wp:attachment":[{"href":"https:\/\/new3.zatkovic.cz\/index.php?rest_route=%2Fwp%2Fv2%2Fmedia&parent=42"}],"curies":[{"name":"wp","href":"https:\/\/api.w.org\/{rel}","templated":true}]}}