{"id":44,"date":"2025-10-05T16:46:49","date_gmt":"2025-10-05T14:46:49","guid":{"rendered":"https:\/\/new3.zatkovic.cz\/?page_id=44"},"modified":"2025-10-05T16:49:49","modified_gmt":"2025-10-05T14:49:49","slug":"retence","status":"publish","type":"page","link":"https:\/\/new3.zatkovic.cz\/?page_id=44","title":{"rendered":"Zv\u00fd\u0161en\u00ed retence"},"content":{"rendered":"","protected":false},"excerpt":{"rendered":"","protected":false},"author":1,"featured_media":0,"parent":54,"menu_order":0,"comment_status":"closed","ping_status":"closed","template":"nosidebar.php","meta":{"footnotes":""},"class_list":["post-44","page","type-page","status-publish","hentry"],"_links":{"self":[{"href":"https:\/\/new3.zatkovic.cz\/index.php?rest_route=\/wp\/v2\/pages\/44","targetHints":{"allow":["GET"]}}],"collection":[{"href":"https:\/\/new3.zatkovic.cz\/index.php?rest_route=\/wp\/v2\/pages"}],"about":[{"href":"https:\/\/new3.zatkovic.cz\/index.php?rest_route=\/wp\/v2\/types\/page"}],"author":[{"embeddable":true,"href":"https:\/\/new3.zatkovic.cz\/index.php?rest_route=\/wp\/v2\/users\/1"}],"replies":[{"embeddable":true,"href":"https:\/\/new3.zatkovic.cz\/index.php?rest_route=%2Fwp%2Fv2%2Fcomments&post=44"}],"version-history":[{"count":2,"href":"https:\/\/new3.zatkovic.cz\/index.php?rest_route=\/wp\/v2\/pages\/44\/revisions"}],"predecessor-version":[{"id":64,"href":"https:\/\/new3.zatkovic.cz\/index.php?rest_route=\/wp\/v2\/pages\/44\/revisions\/64"}],"up":[{"embeddable":true,"href":"https:\/\/new3.zatkovic.cz\/index.php?rest_route=\/wp\/v2\/pages\/54"}],"wp:attachment":[{"href":"https:\/\/new3.zatkovic.cz\/index.php?rest_route=%2Fwp%2Fv2%2Fmedia&parent=44"}],"curies":[{"name":"wp","href":"https:\/\/api.w.org\/{rel}","templated":true}]}}