{"id":52,"date":"2025-10-05T16:47:32","date_gmt":"2025-10-05T14:47:32","guid":{"rendered":"https:\/\/new3.zatkovic.cz\/?page_id=52"},"modified":"2025-10-05T16:51:20","modified_gmt":"2025-10-05T14:51:20","slug":"whatsapp","status":"publish","type":"page","link":"https:\/\/new3.zatkovic.cz\/?page_id=52","title":{"rendered":"WhatsApp automatizace"},"content":{"rendered":"\n<p>WhatsApp je jeden z nejlep\u0161\u00edch kan\u00e1l\u016f na retenci a 1o1 marketing, m\u00e1m vlastn\u00ed n\u00e1stroje jak efektivn\u011b a jednodu\u0161e komunikovat v r\u00e1mci WhatsApp s va\u0161imi klienty na z\u00e1klad\u011b dat a p\u0159edem p\u0159ipraven\u00fdch sc\u00e9n\u00e1\u0159\u016f. K \u010demu to povede? Prim\u00e1rn\u011b k <strong>opakovan\u00fdm n\u00e1v\u0161t\u011bv\u00e1m<\/strong> a celkov\u00e9mu <strong>zv\u00fd\u0161en\u00ed ziskovosti ze z\u00e1kazn\u00edka<\/strong>.<\/p>\n","protected":false},"excerpt":{"rendered":"<p>WhatsApp je jeden z nejlep\u0161\u00edch kan\u00e1l\u016f na retenci a 1o1 marketing, m\u00e1m vlastn\u00ed n\u00e1stroje jak efektivn\u011b a jednodu\u0161e komunikovat v r\u00e1mci WhatsApp s va\u0161imi klienty na z\u00e1klad\u011b dat a p\u0159edem p\u0159ipraven\u00fdch sc\u00e9n\u00e1\u0159\u016f. K \u010demu to povede? Prim\u00e1rn\u011b k opakovan\u00fdm n\u00e1v\u0161t\u011bv\u00e1m a celkov\u00e9mu zv\u00fd\u0161en\u00ed ziskovosti ze z\u00e1kazn\u00edka.<\/p>\n","protected":false},"author":1,"featured_media":0,"parent":54,"menu_order":0,"comment_status":"closed","ping_status":"closed","template":"nosidebar.php","meta":{"footnotes":""},"class_list":["post-52","page","type-page","status-publish","hentry"],"_links":{"self":[{"href":"https:\/\/new3.zatkovic.cz\/index.php?rest_route=\/wp\/v2\/pages\/52","targetHints":{"allow":["GET"]}}],"collection":[{"href":"https:\/\/new3.zatkovic.cz\/index.php?rest_route=\/wp\/v2\/pages"}],"about":[{"href":"https:\/\/new3.zatkovic.cz\/index.php?rest_route=\/wp\/v2\/types\/page"}],"author":[{"embeddable":true,"href":"https:\/\/new3.zatkovic.cz\/index.php?rest_route=\/wp\/v2\/users\/1"}],"replies":[{"embeddable":true,"href":"https:\/\/new3.zatkovic.cz\/index.php?rest_route=%2Fwp%2Fv2%2Fcomments&post=52"}],"version-history":[{"count":2,"href":"https:\/\/new3.zatkovic.cz\/index.php?rest_route=\/wp\/v2\/pages\/52\/revisions"}],"predecessor-version":[{"id":66,"href":"https:\/\/new3.zatkovic.cz\/index.php?rest_route=\/wp\/v2\/pages\/52\/revisions\/66"}],"up":[{"embeddable":true,"href":"https:\/\/new3.zatkovic.cz\/index.php?rest_route=\/wp\/v2\/pages\/54"}],"wp:attachment":[{"href":"https:\/\/new3.zatkovic.cz\/index.php?rest_route=%2Fwp%2Fv2%2Fmedia&parent=52"}],"curies":[{"name":"wp","href":"https:\/\/api.w.org\/{rel}","templated":true}]}}